{"id":23220,"date":"2021-11-02T14:41:46","date_gmt":"2021-11-02T17:41:46","guid":{"rendered":"http:\/\/areacomunicacionst.com\/?page_id=23220"},"modified":"2025-01-14T15:18:36","modified_gmt":"2025-01-14T18:18:36","slug":"workshops-academicos","status":"publish","type":"page","link":"https:\/\/areacomunicacionst.cl\/index.php\/workshops-academicos\/","title":{"rendered":"Workshops Acad\u00e9micos"},"content":{"rendered":"\n<style type=\"text\/css\" data-created_by=\"avia_inline_auto\" id=\"style-css-av-k6q1sa4p-d6bae35cdd8e88ef2b5598f39796c557\">\n.avia-section.av-k6q1sa4p-d6bae35cdd8e88ef2b5598f39796c557 .av-section-color-overlay{\nopacity:0.3;\nbackground-color:#0a0a0a;\n}\n<\/style>\n<div id='av_section_1'  class='avia-section av-k6q1sa4p-d6bae35cdd8e88ef2b5598f39796c557 main_color avia-section-default avia-no-border-styling  avia-builder-el-0  el_before_av_layout_row  avia-builder-el-first  avia-bg-style-scroll av-section-color-overlay-active  av-small-hide av-mini-hide av-section-with-video-bg container_wrap fullsize'   data-section-video-ratio='16:9'><div   data-size='featured'  data-lightbox_size='large'  data-animation='slide'  data-conditional_play=''  data-ids=''  data-video_counter='1'  data-autoplay='false'  data-bg_slider='false'  data-slide_height=''  data-handle=''  data-interval='5'  data-class=' av-section-video-bg'  data-el_id=''  data-css_id=''  data-scroll_down=''  data-control_layout=''  data-custom_markup=''  data-perma_caption=''  data-autoplay_stopper=''  data-image_attachment=''  data-min_height='0px'  data-lazy_loading='disabled'  data-default-height='28.666666666667'  class='avia-slideshow avia-slideshow-1  av-default-height-applied avia-slideshow-featured   av-section-video-bg avia-slide-slider '  itemprop=\"image\" itemscope=\"itemscope\" itemtype=\"https:\/\/schema.org\/ImageObject\" ><ul class='avia-slideshow-inner ' style='padding-bottom: 28.666666666667%;' ><li  data-controls='disabled' data-mute='aviaTBaviaTBvideo_mute' data-loop='1' data-disable-autoplay=''  data-video-ratio='3.4883720930233' class=' av-video-slide  av-video-service-html5  av-hide-video-controls av-mute-video av-loop-video av-single-slide slide-1 ' ><div data-rel='slideshow-1' class='avia-slide-wrap '   ><div class='av-click-overlay'><\/div><video class='avia_video'  autoplay loop preload=\"metadata\" muted  id='player_23220_530603022_765112778'><source src=\"https:\/\/areacomunicacionst.com\/wp-content\/uploads\/2021\/02\/ASMB_AREA.mp4\" type=\"video\/mp4\" \/><\/video><div class='av-click-to-play-overlay'><div class=\"avia_playpause_icon\"><\/div><\/div><\/div><\/li><\/ul><\/div><div class='av-section-color-overlay-wrap'><div class=\"av-section-color-overlay\"><\/div><div class='container av-section-cont-open' ><main  role=\"main\" itemprop=\"mainContentOfPage\"  class='template-page content  av-content-full alpha units'><div class='post-entry post-entry-type-page post-entry-23220'><div class='entry-content-wrapper clearfix'>\n\n<style type=\"text\/css\" data-created_by=\"avia_inline_auto\" id=\"style-css-av-p3flve-f784a807f04125061d29bb337a211adf\">\n.flex_column.av-p3flve-f784a807f04125061d29bb337a211adf{\nborder-radius:0px 0px 0px 0px;\n-webkit-border-radius:0px 0px 0px 0px;\n-moz-border-radius:0px 0px 0px 0px;\n}\n<\/style>\n<div class='flex_column av-p3flve-f784a807f04125061d29bb337a211adf av_one_full  avia-builder-el-1  avia-builder-el-no-sibling  first no_margin flex_column_div av-zero-column-padding '   ><p>\n<style type=\"text\/css\" data-created_by=\"avia_inline_auto\" id=\"style-css-av-k6q2dqqt-8a2521f909e2f6eb5c29bc85bd0cc9dc\">\n#top .hr.hr-invisible.av-k6q2dqqt-8a2521f909e2f6eb5c29bc85bd0cc9dc{\nheight:300px;\n}\n<\/style>\n<div  class='hr av-k6q2dqqt-8a2521f909e2f6eb5c29bc85bd0cc9dc hr-invisible  avia-builder-el-2  el_before_av_image  avia-builder-el-first  '><span class='hr-inner '><span class=\"hr-inner-style\"><\/span><\/span><\/div><br \/>\n\n<style type=\"text\/css\" data-created_by=\"avia_inline_auto\" id=\"style-css-av-k6q2aogt-a6999515b6a30e1906e3ba89a9d18aa4\">\n.avia-image-container.av-k6q2aogt-a6999515b6a30e1906e3ba89a9d18aa4 .av-image-caption-overlay-center{\ncolor:#ffffff;\n}\n<\/style>\n<div  class='avia-image-container av-k6q2aogt-a6999515b6a30e1906e3ba89a9d18aa4 av-styling-no-styling avia-align-center  avia-builder-el-3  el_after_av_hr  avia-builder-el-last  '  itemprop=\"image\" itemscope=\"itemscope\" itemtype=\"https:\/\/schema.org\/ImageObject\" ><div class=\"avia-image-container-inner\"><div class=\"avia-image-overlay-wrap\"><img class='wp-image-22413 avia-img-lazy-loading-not-22413 avia_image' src=\"https:\/\/areacomunicacionst.cl\/wp-content\/uploads\/2021\/01\/sin-nada_Mesa-de-trabajo-1.png\" alt='' title=''  height=\"355\" width=\"1304\"  itemprop=\"thumbnailUrl\" srcset=\"https:\/\/areacomunicacionst.cl\/wp-content\/uploads\/2021\/01\/sin-nada_Mesa-de-trabajo-1.png 1304w, https:\/\/areacomunicacionst.cl\/wp-content\/uploads\/2021\/01\/sin-nada_Mesa-de-trabajo-1-300x82.png 300w, https:\/\/areacomunicacionst.cl\/wp-content\/uploads\/2021\/01\/sin-nada_Mesa-de-trabajo-1-1030x280.png 1030w, https:\/\/areacomunicacionst.cl\/wp-content\/uploads\/2021\/01\/sin-nada_Mesa-de-trabajo-1-768x209.png 768w, https:\/\/areacomunicacionst.cl\/wp-content\/uploads\/2021\/01\/sin-nada_Mesa-de-trabajo-1-705x192.png 705w\" sizes=\"(max-width: 1304px) 100vw, 1304px\" \/><\/div><\/div><\/div><\/p><\/div>\n\n<\/div><\/div><\/main><!-- close content main element --><\/div><\/div><\/div><div id='av-layout-grid-1'  class='av-layout-grid-container entry-content-wrapper main_color av-flex-cells     avia-builder-el-4  el_after_av_section  el_before_av_section  submenu-not-first container_wrap fullsize'  >\n<div class=\"flex_cell no_margin av_one_half  avia-builder-el-5  el_before_av_cell_one_half  avia-builder-el-first   \"  style='height:500px; min-height:500px;background: #3f3e3e; vertical-align:middle; padding:30px; background-color:#3f3e3e; ' ><div class='flex_cell_inner' ><section class=\"av_textblock_section \"  itemscope=\"itemscope\" itemtype=\"https:\/\/schema.org\/CreativeWork\" ><div class='avia_textblock  av_inherit_color '  style='color:#000000; '  itemprop=\"text\" ><h1><span style=\"color: #ffffff;\">Workshops Acad\u00e9micos<\/span><\/h1>\n<h4><span style=\"color: #ffffff;\">Santo Tom\u00e1s<\/span><\/h4>\n<\/div><\/section><br \/>\n<section class=\"av_textblock_section \"  itemscope=\"itemscope\" itemtype=\"https:\/\/schema.org\/CreativeWork\" ><div class='avia_textblock  av_inherit_color '  style='color:#000000; '  itemprop=\"text\" ><div><span style=\"color: #ffffff;\">Los Workshops son actividades de conexi\u00f3n entre la industria y la carrera de Publicidad.<\/span><\/div>\n<div><span style=\"color: #ffffff;\">Se realizan una vez al a\u00f1o y nuestros alumnos tienen la oportunidad de trabajar directamente con agencias de publicidad, con la supervisi\u00f3n de creativos y estrategas que los orientan durante una semana en la ejecuci\u00f3n de sus ideas y propuestas para casos y marcas reales.<\/span><\/div>\n<div><span style=\"color: #ffffff;\">Con ello, los alumnos tienen la oportunidad de vivir el ritmo y el trabajo de una agencia, a partir del primer a\u00f1o.<\/span><\/div>\n<div><span style=\"color: #ffffff;\">Hemos trabajado con diversas agencias, como: Leche, Los Quiltros, McCann Chile, TBWA\\Frederick.<\/span><\/div>\n<\/div><\/section><\/p>\n<\/div><\/div><div class=\"flex_cell no_margin av_one_half  avia-builder-el-8  el_after_av_cell_one_half  avia-builder-el-last   avia-full-stretch \"  style='height:500px; min-height:500px;background:url(https:\/\/areacomunicacionst.cl\/wp-content\/uploads\/2021\/11\/workshops-pub.jpg) center right no-repeat scroll; vertical-align:middle; padding:30px; ' ><div class='flex_cell_inner' ><\/div><\/div><\/div>\n<style type=\"text\/css\" data-created_by=\"avia_inline_auto\" id=\"style-css-av-m8difo-7d30b543cef91205b154e8aeb8c3b1ea\">\n.avia-section.av-m8difo-7d30b543cef91205b154e8aeb8c3b1ea .av-parallax .av-parallax-inner{\nbackground-repeat:no-repeat;\nbackground-image:url(https:\/\/areacomunicacionst.cl\/wp-content\/uploads\/2020\/02\/back-future.png);\nbackground-position:50% 50%;\nbackground-attachment:scroll;\n}\n.avia-section.av-m8difo-7d30b543cef91205b154e8aeb8c3b1ea .av-section-color-overlay{\nopacity:0.2;\nbackground-color:#000000;\n}\n<\/style>\n<div id='av_section_2'  class='avia-section av-m8difo-7d30b543cef91205b154e8aeb8c3b1ea main_color avia-section-default avia-no-border-styling  avia-builder-el-9  el_after_av_layout_row  avia-builder-el-last  avia-full-stretch av-parallax-section avia-bg-style-parallax av-section-color-overlay-active  container_wrap fullsize'  data-section-bg-repeat='stretch'><div class='av-parallax' data-avia-parallax-ratio='0.3' ><div class='av-parallax-inner main_color avia-full-stretch'><\/div><\/div><div class='av-section-color-overlay-wrap'><div class=\"av-section-color-overlay\"><\/div><div class='container av-section-cont-open' ><div class='template-page content  av-content-full alpha units'><div class='post-entry post-entry-type-page post-entry-23220'><div class='entry-content-wrapper clearfix'>\n\n<style type=\"text\/css\" data-created_by=\"avia_inline_auto\" id=\"style-css-av-2q1qxkq-66fadf54ec1fcdff9f9619f608896467\">\n.flex_column.av-2q1qxkq-66fadf54ec1fcdff9f9619f608896467{\nborder-radius:0px 0px 0px 0px;\n-webkit-border-radius:0px 0px 0px 0px;\n-moz-border-radius:0px 0px 0px 0px;\n}\n<\/style>\n<div class='flex_column av-2q1qxkq-66fadf54ec1fcdff9f9619f608896467 av_one_half  avia-builder-el-10  el_before_av_one_half  avia-builder-el-first  first flex_column_div av-zero-column-padding '   ><section class=\"av_textblock_section \"  itemscope=\"itemscope\" itemtype=\"https:\/\/schema.org\/CreativeWork\" ><div class='avia_textblock  '   itemprop=\"text\" ><h1 style=\"text-align: center;\"><span style=\"color: #ffffff;\">CAMPUS<\/span><\/h1>\n<\/div><\/section><\/div>\n<style type=\"text\/css\" data-created_by=\"avia_inline_auto\" id=\"style-css-av-22ehcu2-6ef732f58d16a1be44e86521a808a253\">\n.flex_column.av-22ehcu2-6ef732f58d16a1be44e86521a808a253{\nborder-radius:0px 0px 0px 0px;\n-webkit-border-radius:0px 0px 0px 0px;\n-moz-border-radius:0px 0px 0px 0px;\n}\n<\/style>\n<div class='flex_column av-22ehcu2-6ef732f58d16a1be44e86521a808a253 av_one_half  avia-builder-el-12  el_after_av_one_half  avia-builder-el-last  flex_column_div av-zero-column-padding '   ><section class=\"av_textblock_section \"  itemscope=\"itemscope\" itemtype=\"https:\/\/schema.org\/CreativeWork\" ><div class='avia_textblock  '   itemprop=\"text\" ><h3 style=\"text-align: center;\"><span style=\"color: #0076a9;\">CAMPUS SAN JOAQU\u00cdN<\/span><\/h3>\n<p style=\"text-align: center;\">Av. Vicu\u00f1a Mackenna 4835<\/p>\n<\/div><\/section><\/div>\n<\/p>\n","protected":false},"excerpt":{"rendered":"","protected":false},"author":4,"featured_media":0,"parent":0,"menu_order":0,"comment_status":"closed","ping_status":"closed","template":"","meta":[],"_links":{"self":[{"href":"https:\/\/areacomunicacionst.cl\/index.php\/wp-json\/wp\/v2\/pages\/23220"}],"collection":[{"href":"https:\/\/areacomunicacionst.cl\/index.php\/wp-json\/wp\/v2\/pages"}],"about":[{"href":"https:\/\/areacomunicacionst.cl\/index.php\/wp-json\/wp\/v2\/types\/page"}],"author":[{"embeddable":true,"href":"https:\/\/areacomunicacionst.cl\/index.php\/wp-json\/wp\/v2\/users\/4"}],"replies":[{"embeddable":true,"href":"https:\/\/areacomunicacionst.cl\/index.php\/wp-json\/wp\/v2\/comments?post=23220"}],"version-history":[{"count":17,"href":"https:\/\/areacomunicacionst.cl\/index.php\/wp-json\/wp\/v2\/pages\/23220\/revisions"}],"predecessor-version":[{"id":24260,"href":"https:\/\/areacomunicacionst.cl\/index.php\/wp-json\/wp\/v2\/pages\/23220\/revisions\/24260"}],"wp:attachment":[{"href":"https:\/\/areacomunicacionst.cl\/index.php\/wp-json\/wp\/v2\/media?parent=23220"}],"curies":[{"name":"wp","href":"https:\/\/api.w.org\/{rel}","templated":true}]}}