{"id":22338,"date":"2021-01-11T02:14:06","date_gmt":"2021-01-11T05:14:06","guid":{"rendered":"https:\/\/areacomunicacionst.com\/?page_id=22338"},"modified":"2025-01-14T10:30:55","modified_gmt":"2025-01-14T13:30:55","slug":"festival-de-cine","status":"publish","type":"page","link":"https:\/\/areacomunicacionst.cl\/index.php\/festival-de-cine\/","title":{"rendered":"Festival de Cine"},"content":{"rendered":"\n<style type=\"text\/css\" data-created_by=\"avia_inline_auto\" id=\"style-css-av-k6q1sa4p-4ff17b423579bb1cb1fae50e9b228b30\">\n.avia-section.av-k6q1sa4p-4ff17b423579bb1cb1fae50e9b228b30 .av-section-color-overlay{\nopacity:0.3;\nbackground-color:#0a0a0a;\n}\n<\/style>\n<div id='av_section_1'  class='avia-section av-k6q1sa4p-4ff17b423579bb1cb1fae50e9b228b30 main_color avia-section-default avia-no-border-styling  avia-builder-el-0  el_before_av_layout_row  avia-builder-el-first  avia-bg-style-scroll av-section-color-overlay-active  av-small-hide av-mini-hide av-section-with-video-bg container_wrap fullsize'   data-section-video-ratio='16:9'><div   data-size='featured'  data-lightbox_size='large'  data-animation='slide'  data-conditional_play=''  data-ids=''  data-video_counter='1'  data-autoplay='false'  data-bg_slider='false'  data-slide_height=''  data-handle=''  data-interval='5'  data-class=' av-section-video-bg'  data-el_id=''  data-css_id=''  data-scroll_down=''  data-control_layout=''  data-custom_markup=''  data-perma_caption=''  data-autoplay_stopper=''  data-image_attachment=''  data-min_height='0px'  data-lazy_loading='disabled'  data-default-height='28.666666666667'  class='avia-slideshow avia-slideshow-1  av-default-height-applied avia-slideshow-featured   av-section-video-bg avia-slide-slider '  itemprop=\"image\" itemscope=\"itemscope\" itemtype=\"https:\/\/schema.org\/ImageObject\" ><ul class='avia-slideshow-inner ' style='padding-bottom: 28.666666666667%;' ><li  data-controls='disabled' data-mute='aviaTBaviaTBvideo_mute' data-loop='1' data-disable-autoplay=''  data-video-ratio='3.4883720930233' class=' av-video-slide  av-video-service-html5  av-hide-video-controls av-mute-video av-loop-video av-single-slide slide-1 ' ><div data-rel='slideshow-1' class='avia-slide-wrap '   ><div class='av-click-overlay'><\/div><video class='avia_video'  autoplay loop preload=\"metadata\" muted  id='player_22338_213234021_37046557'><source src=\"https:\/\/areacomunicacionst.com\/wp-content\/uploads\/2021\/02\/INTRO-FEST_LOOP.mp4\" type=\"video\/mp4\" \/><\/video><div class='av-click-to-play-overlay'><div class=\"avia_playpause_icon\"><\/div><\/div><\/div><\/li><\/ul><\/div><div class='av-section-color-overlay-wrap'><div class=\"av-section-color-overlay\"><\/div><div class='container av-section-cont-open' ><main  role=\"main\" itemprop=\"mainContentOfPage\"  class='template-page content  av-content-full alpha units'><div class='post-entry post-entry-type-page post-entry-22338'><div class='entry-content-wrapper clearfix'>\n\n<style type=\"text\/css\" data-created_by=\"avia_inline_auto\" id=\"style-css-av-p3flve-f784a807f04125061d29bb337a211adf\">\n.flex_column.av-p3flve-f784a807f04125061d29bb337a211adf{\nborder-radius:0px 0px 0px 0px;\n-webkit-border-radius:0px 0px 0px 0px;\n-moz-border-radius:0px 0px 0px 0px;\n}\n<\/style>\n<div class='flex_column av-p3flve-f784a807f04125061d29bb337a211adf av_one_full  avia-builder-el-1  avia-builder-el-no-sibling  first no_margin flex_column_div av-zero-column-padding '   ><p>\n<style type=\"text\/css\" data-created_by=\"avia_inline_auto\" id=\"style-css-av-k6q2dqqt-8a2521f909e2f6eb5c29bc85bd0cc9dc\">\n#top .hr.hr-invisible.av-k6q2dqqt-8a2521f909e2f6eb5c29bc85bd0cc9dc{\nheight:300px;\n}\n<\/style>\n<div  class='hr av-k6q2dqqt-8a2521f909e2f6eb5c29bc85bd0cc9dc hr-invisible  avia-builder-el-2  el_before_av_image  avia-builder-el-first  '><span class='hr-inner '><span class=\"hr-inner-style\"><\/span><\/span><\/div><br \/>\n\n<style type=\"text\/css\" data-created_by=\"avia_inline_auto\" id=\"style-css-av-k6q2aogt-a6999515b6a30e1906e3ba89a9d18aa4\">\n.avia-image-container.av-k6q2aogt-a6999515b6a30e1906e3ba89a9d18aa4 .av-image-caption-overlay-center{\ncolor:#ffffff;\n}\n<\/style>\n<div  class='avia-image-container av-k6q2aogt-a6999515b6a30e1906e3ba89a9d18aa4 av-styling-no-styling avia-align-center  avia-builder-el-3  el_after_av_hr  avia-builder-el-last  '  itemprop=\"image\" itemscope=\"itemscope\" itemtype=\"https:\/\/schema.org\/ImageObject\" ><div class=\"avia-image-container-inner\"><div class=\"avia-image-overlay-wrap\"><img class='wp-image-22413 avia-img-lazy-loading-not-22413 avia_image' src=\"https:\/\/areacomunicacionst.cl\/wp-content\/uploads\/2021\/01\/sin-nada_Mesa-de-trabajo-1.png\" alt='' title=''  height=\"355\" width=\"1304\"  itemprop=\"thumbnailUrl\" srcset=\"https:\/\/areacomunicacionst.cl\/wp-content\/uploads\/2021\/01\/sin-nada_Mesa-de-trabajo-1.png 1304w, https:\/\/areacomunicacionst.cl\/wp-content\/uploads\/2021\/01\/sin-nada_Mesa-de-trabajo-1-300x82.png 300w, https:\/\/areacomunicacionst.cl\/wp-content\/uploads\/2021\/01\/sin-nada_Mesa-de-trabajo-1-1030x280.png 1030w, https:\/\/areacomunicacionst.cl\/wp-content\/uploads\/2021\/01\/sin-nada_Mesa-de-trabajo-1-768x209.png 768w, https:\/\/areacomunicacionst.cl\/wp-content\/uploads\/2021\/01\/sin-nada_Mesa-de-trabajo-1-705x192.png 705w\" sizes=\"(max-width: 1304px) 100vw, 1304px\" \/><\/div><\/div><\/div><\/p><\/div>\n\n<\/div><\/div><\/main><!-- close content main element --><\/div><\/div><\/div><div id='av-layout-grid-1'  class='av-layout-grid-container entry-content-wrapper main_color av-flex-cells     avia-builder-el-4  el_after_av_section  el_before_av_section  submenu-not-first container_wrap fullsize'  >\n<div class=\"flex_cell no_margin av_one_half  avia-builder-el-5  el_before_av_cell_one_half  avia-builder-el-first   \"  style='height:500px; min-height:500px;background:url(https:\/\/areacomunicacionst.cl\/wp-content\/uploads\/2021\/02\/festival-de-cine-1.png) top left no-repeat scroll; vertical-align:middle; padding:30px; ' ><div class='flex_cell_inner' ><\/div><\/div><div class=\"flex_cell no_margin av_one_half  avia-builder-el-6  el_after_av_cell_one_half  avia-builder-el-last   avia-full-stretch \"  style='height:500px; min-height:500px;background: #ecbff3; vertical-align:middle; padding:30px; background-color:#ecbff3; ' ><div class='flex_cell_inner' ><section class=\"av_textblock_section \"  itemscope=\"itemscope\" itemtype=\"https:\/\/schema.org\/CreativeWork\" ><div class='avia_textblock  av_inherit_color '  style='color:#000000; '  itemprop=\"text\" ><h1>Festival de Cine Santo Tom\u00e1s<\/h1>\n<\/div><\/section><br \/>\n<section class=\"av_textblock_section \"  itemscope=\"itemscope\" itemtype=\"https:\/\/schema.org\/CreativeWork\" ><div class='avia_textblock  av_inherit_color '  style='color:#000000; '  itemprop=\"text\" ><p><span data-contrast=\"auto\">Evento realizado por el \u00c1rea de Comunicaci\u00f3n del Instituto Profesional Santo Tom\u00e1s, como una ventana de difusi\u00f3n de los trabajos realizados por estudiantes en g\u00e9nero ficci\u00f3n y documental, de las\u00a0<\/span><span data-contrast=\"auto\">carreras T\u00e9cnico en Comunicaci\u00f3n Audiovisual y Comunicaci\u00f3n Audiovisual de las\u00a0<\/span><span data-contrast=\"auto\">sedes San Joaqu\u00edn, Concepci\u00f3n y Talca.<\/span><span data-ccp-props=\"{\">\u00a0<\/span><\/p>\n<p><span data-ccp-props=\"{\">\u00a0<\/span><\/p>\n<\/div><\/section><\/p>\n<\/div><\/div><\/div>\n<style type=\"text\/css\" data-created_by=\"avia_inline_auto\" id=\"style-css-av-k6q7pss5-30aa9448eaed055b7b1e880662f23a86\">\n.avia-section.av-k6q7pss5-30aa9448eaed055b7b1e880662f23a86 .av-parallax .av-parallax-inner{\nbackground-repeat:no-repeat;\nbackground-image:url(https:\/\/areacomunicacionst.cl\/wp-content\/uploads\/2020\/02\/back-future.png);\nbackground-position:50% 50%;\nbackground-attachment:scroll;\n}\n.avia-section.av-k6q7pss5-30aa9448eaed055b7b1e880662f23a86 .av-section-color-overlay{\nopacity:0.2;\nbackground-color:#000000;\n}\n<\/style>\n<div id='av_section_2'  class='avia-section av-k6q7pss5-30aa9448eaed055b7b1e880662f23a86 main_color avia-section-default avia-no-border-styling  avia-builder-el-9  el_after_av_layout_row  avia-builder-el-last  avia-full-stretch av-parallax-section avia-bg-style-parallax av-section-color-overlay-active  container_wrap fullsize'  data-section-bg-repeat='stretch'><div class='av-parallax' data-avia-parallax-ratio='0.3' ><div class='av-parallax-inner main_color avia-full-stretch'><\/div><\/div><div class='av-section-color-overlay-wrap'><div class=\"av-section-color-overlay\"><\/div><div class='container av-section-cont-open' ><div class='template-page content  av-content-full alpha units'><div class='post-entry post-entry-type-page post-entry-22338'><div class='entry-content-wrapper clearfix'>\n\n<style type=\"text\/css\" data-created_by=\"avia_inline_auto\" id=\"style-css-av-22ehcu2-2c445c53c60a80d5d1fc1cd4abc812f3\">\n.flex_column.av-22ehcu2-2c445c53c60a80d5d1fc1cd4abc812f3{\nborder-radius:0px 0px 0px 0px;\n-webkit-border-radius:0px 0px 0px 0px;\n-moz-border-radius:0px 0px 0px 0px;\n}\n<\/style>\n<div class='flex_column av-22ehcu2-2c445c53c60a80d5d1fc1cd4abc812f3 av_one_fourth  avia-builder-el-10  el_before_av_one_fourth  avia-builder-el-first  first flex_column_div av-zero-column-padding '   ><section class=\"av_textblock_section \"  itemscope=\"itemscope\" itemtype=\"https:\/\/schema.org\/CreativeWork\" ><div class='avia_textblock  '   itemprop=\"text\" ><h3 style=\"text-align: center;\"><span style=\"color: #0076a9;\">CAMPUS SAN JOAQU\u00cdN<\/span><\/h3>\n<p style=\"text-align: center;\">Av. Vicu\u00f1a Mackenna 4835<\/p>\n<\/div><\/section><\/div>\n<style type=\"text\/css\" data-created_by=\"avia_inline_auto\" id=\"style-css-av-qvupiy-c23d64f13d3eb4ee5c0cba192e574537\">\n.flex_column.av-qvupiy-c23d64f13d3eb4ee5c0cba192e574537{\nborder-radius:0px 0px 0px 0px;\n-webkit-border-radius:0px 0px 0px 0px;\n-moz-border-radius:0px 0px 0px 0px;\n}\n<\/style>\n<div class='flex_column av-qvupiy-c23d64f13d3eb4ee5c0cba192e574537 av_one_fourth  avia-builder-el-12  el_after_av_one_fourth  el_before_av_one_fourth  flex_column_div av-zero-column-padding '   ><section class=\"av_textblock_section \"  itemscope=\"itemscope\" itemtype=\"https:\/\/schema.org\/CreativeWork\" ><div class='avia_textblock  '   itemprop=\"text\" ><h3 style=\"text-align: center;\"><span style=\"color: #0076a9;\">CAMPUS TALCA<\/span><\/h3>\n<p style=\"text-align: center;\">Carlos Schorr 255<\/p>\n<\/div><\/section><\/div>\n<style type=\"text\/css\" data-created_by=\"avia_inline_auto\" id=\"style-css-av-k6q7lq0r-cd5f7a050a294259d9676e73536f8d1b\">\n.flex_column.av-k6q7lq0r-cd5f7a050a294259d9676e73536f8d1b{\nborder-radius:0px 0px 0px 0px;\n-webkit-border-radius:0px 0px 0px 0px;\n-moz-border-radius:0px 0px 0px 0px;\n}\n<\/style>\n<div class='flex_column av-k6q7lq0r-cd5f7a050a294259d9676e73536f8d1b av_one_fourth  avia-builder-el-14  el_after_av_one_fourth  el_before_av_one_fourth  flex_column_div av-zero-column-padding '   ><section class=\"av_textblock_section \"  itemscope=\"itemscope\" itemtype=\"https:\/\/schema.org\/CreativeWork\" ><div class='avia_textblock  '   itemprop=\"text\" ><h3 style=\"text-align: center;\"><span style=\"color: #0076a9;\">CAMPUS CONCEPCI\u00d3N<\/span><\/h3>\n<p style=\"text-align: center;\">Arturo Prat 886<\/p>\n<\/div><\/section><\/div>\n<style type=\"text\/css\" data-created_by=\"avia_inline_auto\" id=\"style-css-av-2q1qxkq-a693449ace821434bef17b8891a9c1f3\">\n.flex_column.av-2q1qxkq-a693449ace821434bef17b8891a9c1f3{\nborder-radius:0px 0px 0px 0px;\n-webkit-border-radius:0px 0px 0px 0px;\n-moz-border-radius:0px 0px 0px 0px;\n}\n<\/style>\n<div class='flex_column av-2q1qxkq-a693449ace821434bef17b8891a9c1f3 av_one_fourth  avia-builder-el-16  el_after_av_one_fourth  avia-builder-el-last  flex_column_div av-zero-column-padding '   ><section class=\"av_textblock_section \"  itemscope=\"itemscope\" itemtype=\"https:\/\/schema.org\/CreativeWork\" ><div class='avia_textblock  '   itemprop=\"text\" ><h1 style=\"text-align: center;\"><span style=\"color: #ffffff;\">CAMPUS<\/span><\/h1>\n<\/div><\/section><\/div>\n<\/p>\n","protected":false},"excerpt":{"rendered":"","protected":false},"author":6,"featured_media":0,"parent":0,"menu_order":0,"comment_status":"closed","ping_status":"closed","template":"","meta":[],"_links":{"self":[{"href":"https:\/\/areacomunicacionst.cl\/index.php\/wp-json\/wp\/v2\/pages\/22338"}],"collection":[{"href":"https:\/\/areacomunicacionst.cl\/index.php\/wp-json\/wp\/v2\/pages"}],"about":[{"href":"https:\/\/areacomunicacionst.cl\/index.php\/wp-json\/wp\/v2\/types\/page"}],"author":[{"embeddable":true,"href":"https:\/\/areacomunicacionst.cl\/index.php\/wp-json\/wp\/v2\/users\/6"}],"replies":[{"embeddable":true,"href":"https:\/\/areacomunicacionst.cl\/index.php\/wp-json\/wp\/v2\/comments?post=22338"}],"version-history":[{"count":26,"href":"https:\/\/areacomunicacionst.cl\/index.php\/wp-json\/wp\/v2\/pages\/22338\/revisions"}],"predecessor-version":[{"id":24210,"href":"https:\/\/areacomunicacionst.cl\/index.php\/wp-json\/wp\/v2\/pages\/22338\/revisions\/24210"}],"wp:attachment":[{"href":"https:\/\/areacomunicacionst.cl\/index.php\/wp-json\/wp\/v2\/media?parent=22338"}],"curies":[{"name":"wp","href":"https:\/\/api.w.org\/{rel}","templated":true}]}}