{"id":22326,"date":"2021-01-11T02:00:24","date_gmt":"2021-01-11T05:00:24","guid":{"rendered":"https:\/\/areacomunicacionst.com\/?page_id=22326"},"modified":"2025-01-14T10:25:10","modified_gmt":"2025-01-14T13:25:10","slug":"festival-emergente","status":"publish","type":"page","link":"https:\/\/areacomunicacionst.cl\/index.php\/festival-emergente\/","title":{"rendered":"Festival Emergente"},"content":{"rendered":"\n<style type=\"text\/css\" data-created_by=\"avia_inline_auto\" id=\"style-css-av-k6q1sa4p-422adbf97f78260f6b3f3c88ca6a9c5c\">\n.avia-section.av-k6q1sa4p-422adbf97f78260f6b3f3c88ca6a9c5c .av-section-color-overlay{\nopacity:0.3;\nbackground-color:#0a0a0a;\n}\n<\/style>\n<div id='av_section_1'  class='avia-section av-k6q1sa4p-422adbf97f78260f6b3f3c88ca6a9c5c main_color avia-section-default avia-no-border-styling  avia-builder-el-0  el_before_av_layout_row  avia-builder-el-first  avia-bg-style-scroll av-section-color-overlay-active  av-small-hide av-mini-hide av-section-with-video-bg container_wrap fullsize'   data-section-video-ratio='16:9'><div   data-size='featured'  data-lightbox_size='large'  data-animation='slide'  data-conditional_play=''  data-ids=''  data-video_counter='1'  data-autoplay='false'  data-bg_slider='false'  data-slide_height=''  data-handle=''  data-interval='5'  data-class=' av-section-video-bg'  data-el_id=''  data-css_id=''  data-scroll_down=''  data-control_layout=''  data-custom_markup=''  data-perma_caption=''  data-autoplay_stopper=''  data-image_attachment=''  data-min_height='0px'  data-lazy_loading='disabled'  data-default-height='28.666666666667'  class='avia-slideshow avia-slideshow-1  av-default-height-applied avia-slideshow-featured   av-section-video-bg avia-slide-slider '  itemprop=\"image\" itemscope=\"itemscope\" itemtype=\"https:\/\/schema.org\/ImageObject\" ><ul class='avia-slideshow-inner ' style='padding-bottom: 28.666666666667%;' ><li  data-controls='disabled' data-mute='aviaTBaviaTBvideo_mute' data-loop='1' data-disable-autoplay=''  data-video-ratio='3.4883720930233' class=' av-video-slide  av-video-service-youtube  av-hide-video-controls av-mute-video av-loop-video av-single-slide slide-1 ' ><div data-rel='slideshow-1' class='avia-slide-wrap '   ><div class='av-click-overlay'><\/div><div class='mejs-mediaelement'><div height='1600' width='900' class='av_youtube_frame' id='player_22326_661267073_100888663'  data-autoplay='0'  data-videoid='Uy-ykThZSus'  data-hd='1'  data-rel='0'  data-wmode='opaque'  data-loop='0'  data-version='3'  data-autohide='1'  data-color='white'  data-controls='0'  data-iv_load_policy='3'  data-original_url='https:\/\/youtu.be\/Uy-ykThZSus' ><\/div><\/div><div class='av-click-to-play-overlay'><div class=\"avia_playpause_icon\"><\/div><\/div><\/div><\/li><\/ul><\/div><div class='av-section-color-overlay-wrap'><div class=\"av-section-color-overlay\"><\/div><div class='container av-section-cont-open' ><main  role=\"main\" itemprop=\"mainContentOfPage\"  class='template-page content  av-content-full alpha units'><div class='post-entry post-entry-type-page post-entry-22326'><div class='entry-content-wrapper clearfix'>\n\n<style type=\"text\/css\" data-created_by=\"avia_inline_auto\" id=\"style-css-av-p3flve-f784a807f04125061d29bb337a211adf\">\n.flex_column.av-p3flve-f784a807f04125061d29bb337a211adf{\nborder-radius:0px 0px 0px 0px;\n-webkit-border-radius:0px 0px 0px 0px;\n-moz-border-radius:0px 0px 0px 0px;\n}\n<\/style>\n<div class='flex_column av-p3flve-f784a807f04125061d29bb337a211adf av_one_full  avia-builder-el-1  avia-builder-el-no-sibling  first no_margin flex_column_div av-zero-column-padding '   ><p>\n<style type=\"text\/css\" data-created_by=\"avia_inline_auto\" id=\"style-css-av-k6q2dqqt-8a2521f909e2f6eb5c29bc85bd0cc9dc\">\n#top .hr.hr-invisible.av-k6q2dqqt-8a2521f909e2f6eb5c29bc85bd0cc9dc{\nheight:300px;\n}\n<\/style>\n<div  class='hr av-k6q2dqqt-8a2521f909e2f6eb5c29bc85bd0cc9dc hr-invisible  avia-builder-el-2  el_before_av_image  avia-builder-el-first  '><span class='hr-inner '><span class=\"hr-inner-style\"><\/span><\/span><\/div><br \/>\n\n<style type=\"text\/css\" data-created_by=\"avia_inline_auto\" id=\"style-css-av-k6q2aogt-1d4b636897ecadba81ee6623fe3b9412\">\n.avia-image-container.av-k6q2aogt-1d4b636897ecadba81ee6623fe3b9412 .av-image-caption-overlay-center{\ncolor:#ffffff;\n}\n<\/style>\n<div  class='avia-image-container av-k6q2aogt-1d4b636897ecadba81ee6623fe3b9412 av-styling-no-styling avia-align-center  avia-builder-el-3  el_after_av_hr  avia-builder-el-last  '  itemprop=\"image\" itemscope=\"itemscope\" itemtype=\"https:\/\/schema.org\/ImageObject\" ><div class=\"avia-image-container-inner\"><div class=\"avia-image-overlay-wrap\"><img class='wp-image-22381 avia-img-lazy-loading-not-22381 avia_image' src=\"https:\/\/areacomunicacionst.cl\/wp-content\/uploads\/2021\/01\/SIN-INFO_Mesa-de-trabajo-1.png\" alt='' title='SIN INFO_Mesa de trabajo 1'  height=\"280\" width=\"1304\"  itemprop=\"thumbnailUrl\" srcset=\"https:\/\/areacomunicacionst.cl\/wp-content\/uploads\/2021\/01\/SIN-INFO_Mesa-de-trabajo-1.png 1304w, https:\/\/areacomunicacionst.cl\/wp-content\/uploads\/2021\/01\/SIN-INFO_Mesa-de-trabajo-1-300x64.png 300w, https:\/\/areacomunicacionst.cl\/wp-content\/uploads\/2021\/01\/SIN-INFO_Mesa-de-trabajo-1-1030x221.png 1030w, https:\/\/areacomunicacionst.cl\/wp-content\/uploads\/2021\/01\/SIN-INFO_Mesa-de-trabajo-1-768x165.png 768w, https:\/\/areacomunicacionst.cl\/wp-content\/uploads\/2021\/01\/SIN-INFO_Mesa-de-trabajo-1-705x151.png 705w\" sizes=\"(max-width: 1304px) 100vw, 1304px\" \/><\/div><\/div><\/div><\/p><\/div>\n\n<\/div><\/div><\/main><!-- close content main element --><\/div><\/div><\/div><div id='av-layout-grid-1'  class='av-layout-grid-container entry-content-wrapper main_color av-flex-cells     avia-builder-el-4  el_after_av_section  el_before_av_section  submenu-not-first container_wrap fullsize'  >\n<div class=\"flex_cell no_margin av_one_half  avia-builder-el-5  el_before_av_cell_one_half  avia-builder-el-first   \"  style='height:500px; min-height:500px;background:url(https:\/\/areacomunicacionst.cl\/wp-content\/uploads\/2021\/02\/ANI.png) top left no-repeat scroll; vertical-align:middle; padding:30px; ' ><div class='flex_cell_inner' ><\/div><\/div><div class=\"flex_cell no_margin av_one_half  avia-builder-el-6  el_after_av_cell_one_half  avia-builder-el-last   \"  style='height:500px; min-height:500px;background: #3e1358; vertical-align:top; padding:30px; background-color:#3e1358; ' ><div class='flex_cell_inner' ><p>\n<style type=\"text\/css\" data-created_by=\"avia_inline_auto\" id=\"style-css-av-kl98k2w7-e735401da44c92bccdb0d9bb2761a423\">\n.avia-image-container.av-kl98k2w7-e735401da44c92bccdb0d9bb2761a423 .av-image-caption-overlay-center{\ncolor:#ffffff;\n}\n<\/style>\n<div  class='avia-image-container av-kl98k2w7-e735401da44c92bccdb0d9bb2761a423 av-styling- avia-align-center  avia-builder-el-7  el_before_av_textblock  avia-builder-el-first  '  itemprop=\"image\" itemscope=\"itemscope\" itemtype=\"https:\/\/schema.org\/ImageObject\" ><div class=\"avia-image-container-inner\"><div class=\"avia-image-overlay-wrap\"><img class='wp-image-22705 avia-img-lazy-loading-not-22705 avia_image' src=\"https:\/\/areacomunicacionst.cl\/wp-content\/uploads\/2021\/02\/Emergente-blanco-300x198.png\" alt='' title='Emergente blanco'  height=\"198\" width=\"300\"  itemprop=\"thumbnailUrl\" srcset=\"https:\/\/areacomunicacionst.cl\/wp-content\/uploads\/2021\/02\/Emergente-blanco-300x198.png 300w, https:\/\/areacomunicacionst.cl\/wp-content\/uploads\/2021\/02\/Emergente-blanco-1030x679.png 1030w, https:\/\/areacomunicacionst.cl\/wp-content\/uploads\/2021\/02\/Emergente-blanco-768x506.png 768w, https:\/\/areacomunicacionst.cl\/wp-content\/uploads\/2021\/02\/Emergente-blanco-1536x1013.png 1536w, https:\/\/areacomunicacionst.cl\/wp-content\/uploads\/2021\/02\/Emergente-blanco-2048x1350.png 2048w, https:\/\/areacomunicacionst.cl\/wp-content\/uploads\/2021\/02\/Emergente-blanco-1500x989.png 1500w, https:\/\/areacomunicacionst.cl\/wp-content\/uploads\/2021\/02\/Emergente-blanco-705x465.png 705w\" sizes=\"(max-width: 300px) 100vw, 300px\" \/><\/div><\/div><\/div><br \/>\n<section class=\"av_textblock_section \"  itemscope=\"itemscope\" itemtype=\"https:\/\/schema.org\/CreativeWork\" ><div class='avia_textblock  av_inherit_color '  style='color:#ffffff; '  itemprop=\"text\" ><p><span data-contrast=\"auto\">Esta competencia es producida por estudiantes de la carrera Animaci\u00f3n Digital, en conjunto con sus docentes. Tiene 3 categor\u00edas pensadas para estudiantes de ense\u00f1anza media, estudiantes de Animaci\u00f3n y\u00a0<\/span><span data-contrast=\"auto\">animadores emergentes de la industria.<\/span><span data-ccp-props=\"{\">\u00a0<\/span><\/p>\n<p><span data-contrast=\"auto\">Su objetivo principal es contribuir a la formaci\u00f3n de industria a trav\u00e9s de la creaci\u00f3n de<\/span><span data-contrast=\"auto\">\u00a0una comunidad de artistas emergentes,\u00a0<\/span><span data-contrast=\"auto\">la exposici\u00f3n de\u00a0<\/span><span data-contrast=\"auto\">los trabajos de animaci\u00f3n<\/span><span data-contrast=\"auto\">\u00a0m\u00e1s recientes de esta disciplina<\/span><span data-contrast=\"auto\">\u00a0y la muestra de<\/span><span data-contrast=\"auto\">\u00a0procesos de creaci\u00f3n y desarrollo para la realizaci\u00f3n de una animaci\u00f3n<\/span><span data-contrast=\"auto\">.<\/span><span data-ccp-props=\"{\">\u00a0<\/span><\/p>\n<p><span data-contrast=\"auto\">Paralelo al festival, se realiza un ciclo de charlas de diferentes tem\u00e1ticas relacionadas, impartidas por connotados invitados nacionales e internacionales.<\/span><\/p>\n<\/div><\/section><\/p>\n<\/div><\/div>\n<\/div>\n\n<style type=\"text\/css\" data-created_by=\"avia_inline_auto\" id=\"style-css-av-k6q7pss5-30aa9448eaed055b7b1e880662f23a86\">\n.avia-section.av-k6q7pss5-30aa9448eaed055b7b1e880662f23a86 .av-parallax .av-parallax-inner{\nbackground-repeat:no-repeat;\nbackground-image:url(https:\/\/areacomunicacionst.cl\/wp-content\/uploads\/2020\/02\/back-future.png);\nbackground-position:50% 50%;\nbackground-attachment:scroll;\n}\n.avia-section.av-k6q7pss5-30aa9448eaed055b7b1e880662f23a86 .av-section-color-overlay{\nopacity:0.2;\nbackground-color:#000000;\n}\n<\/style>\n<div id='av_section_2'  class='avia-section av-k6q7pss5-30aa9448eaed055b7b1e880662f23a86 main_color avia-section-default avia-no-border-styling  avia-builder-el-9  el_after_av_layout_row  avia-builder-el-last  avia-full-stretch av-parallax-section avia-bg-style-parallax av-section-color-overlay-active  container_wrap fullsize'  data-section-bg-repeat='stretch'><div class='av-parallax' data-avia-parallax-ratio='0.3' ><div class='av-parallax-inner main_color avia-full-stretch'><\/div><\/div><div class='av-section-color-overlay-wrap'><div class=\"av-section-color-overlay\"><\/div><div class='container av-section-cont-open' ><div class='template-page content  av-content-full alpha units'><div class='post-entry post-entry-type-page post-entry-22326'><div class='entry-content-wrapper clearfix'>\n\n<style type=\"text\/css\" data-created_by=\"avia_inline_auto\" id=\"style-css-av-2q1qxkq-66fadf54ec1fcdff9f9619f608896467\">\n.flex_column.av-2q1qxkq-66fadf54ec1fcdff9f9619f608896467{\nborder-radius:0px 0px 0px 0px;\n-webkit-border-radius:0px 0px 0px 0px;\n-moz-border-radius:0px 0px 0px 0px;\n}\n<\/style>\n<div class='flex_column av-2q1qxkq-66fadf54ec1fcdff9f9619f608896467 av_one_half  avia-builder-el-10  el_before_av_one_half  avia-builder-el-first  first flex_column_div av-zero-column-padding '   ><section class=\"av_textblock_section \"  itemscope=\"itemscope\" itemtype=\"https:\/\/schema.org\/CreativeWork\" ><div class='avia_textblock  '   itemprop=\"text\" ><h1 style=\"text-align: center;\"><span style=\"color: #ffffff;\">CAMPUS<\/span><\/h1>\n<\/div><\/section><\/div>\n<style type=\"text\/css\" data-created_by=\"avia_inline_auto\" id=\"style-css-av-22ehcu2-6ef732f58d16a1be44e86521a808a253\">\n.flex_column.av-22ehcu2-6ef732f58d16a1be44e86521a808a253{\nborder-radius:0px 0px 0px 0px;\n-webkit-border-radius:0px 0px 0px 0px;\n-moz-border-radius:0px 0px 0px 0px;\n}\n<\/style>\n<div class='flex_column av-22ehcu2-6ef732f58d16a1be44e86521a808a253 av_one_half  avia-builder-el-12  el_after_av_one_half  avia-builder-el-last  flex_column_div av-zero-column-padding '   ><section class=\"av_textblock_section \"  itemscope=\"itemscope\" itemtype=\"https:\/\/schema.org\/CreativeWork\" ><div class='avia_textblock  '   itemprop=\"text\" ><h3 style=\"text-align: center;\"><span style=\"color: #0076a9;\">CAMPUS SAN JOAQU\u00cdN<\/span><\/h3>\n<p style=\"text-align: center;\">Av. Vicu\u00f1a Mackenna 4835<\/p>\n<\/div><\/section><\/div>\n\n","protected":false},"excerpt":{"rendered":"","protected":false},"author":6,"featured_media":21237,"parent":0,"menu_order":0,"comment_status":"closed","ping_status":"closed","template":"","meta":[],"_links":{"self":[{"href":"https:\/\/areacomunicacionst.cl\/index.php\/wp-json\/wp\/v2\/pages\/22326"}],"collection":[{"href":"https:\/\/areacomunicacionst.cl\/index.php\/wp-json\/wp\/v2\/pages"}],"about":[{"href":"https:\/\/areacomunicacionst.cl\/index.php\/wp-json\/wp\/v2\/types\/page"}],"author":[{"embeddable":true,"href":"https:\/\/areacomunicacionst.cl\/index.php\/wp-json\/wp\/v2\/users\/6"}],"replies":[{"embeddable":true,"href":"https:\/\/areacomunicacionst.cl\/index.php\/wp-json\/wp\/v2\/comments?post=22326"}],"version-history":[{"count":19,"href":"https:\/\/areacomunicacionst.cl\/index.php\/wp-json\/wp\/v2\/pages\/22326\/revisions"}],"predecessor-version":[{"id":24204,"href":"https:\/\/areacomunicacionst.cl\/index.php\/wp-json\/wp\/v2\/pages\/22326\/revisions\/24204"}],"wp:featuredmedia":[{"embeddable":true,"href":"https:\/\/areacomunicacionst.cl\/index.php\/wp-json\/wp\/v2\/media\/21237"}],"wp:attachment":[{"href":"https:\/\/areacomunicacionst.cl\/index.php\/wp-json\/wp\/v2\/media?parent=22326"}],"curies":[{"name":"wp","href":"https:\/\/api.w.org\/{rel}","templated":true}]}}