{"id":22164,"date":"2020-12-23T13:29:27","date_gmt":"2020-12-23T16:29:27","guid":{"rendered":"https:\/\/areacomunicacionst.com\/?page_id=22164"},"modified":"2021-02-26T07:38:48","modified_gmt":"2021-02-26T10:38:48","slug":"certificaciones-comunicacion-audiovisual","status":"publish","type":"page","link":"https:\/\/areacomunicacionst.cl\/index.php\/certificaciones-comunicacion-audiovisual\/","title":{"rendered":"Certificaciones Comunicaci\u00f3n Audiovisual"},"content":{"rendered":"\n<style type=\"text\/css\" data-created_by=\"avia_inline_auto\" id=\"style-css-av-k6vwafsn-3c7d04cf9080ccf84d9a8f2142e31f24\">\n.avia-section.av-k6vwafsn-3c7d04cf9080ccf84d9a8f2142e31f24{\nbackground-repeat:no-repeat;\nbackground-image:url(https:\/\/areacomunicacionst.cl\/wp-content\/uploads\/2021\/02\/CERTI-AVID.png);\nbackground-position:50% 50%;\nbackground-attachment:scroll;\n}\n.avia-section.av-k6vwafsn-3c7d04cf9080ccf84d9a8f2142e31f24 .av-section-color-overlay{\nopacity:0.6;\nbackground-color:#0a0a0a;\n}\n<\/style>\n<div id='av_section_1'  class='avia-section av-k6vwafsn-3c7d04cf9080ccf84d9a8f2142e31f24 main_color avia-section-default avia-no-border-styling  avia-builder-el-0  el_before_av_section  avia-builder-el-first  avia-full-stretch avia-bg-style-scroll av-section-color-overlay-active  av-minimum-height av-minimum-height-custom  container_wrap fullsize'  data-section-bg-repeat='stretch'><div class='av-section-color-overlay-wrap'><div class=\"av-section-color-overlay\"><\/div><div class='container av-section-cont-open' style='height:400px'><main  role=\"main\" itemprop=\"mainContentOfPage\"  class='template-page content  av-content-full alpha units'><div class='post-entry post-entry-type-page post-entry-22164'><div class='entry-content-wrapper clearfix'>\n\n<style type=\"text\/css\" data-created_by=\"avia_inline_auto\" id=\"style-css-av-12s5y8f-0bb95f302857ff5455eea1793bd2d6cc\">\n.flex_column.av-12s5y8f-0bb95f302857ff5455eea1793bd2d6cc{\nborder-radius:0px 0px 0px 0px;\n-webkit-border-radius:0px 0px 0px 0px;\n-moz-border-radius:0px 0px 0px 0px;\n}\n<\/style>\n<div class='flex_column av-12s5y8f-0bb95f302857ff5455eea1793bd2d6cc av_one_fifth  avia-builder-el-1  el_before_av_three_fifth  avia-builder-el-first  first flex_column_div av-zero-column-padding '   ><\/div>\n<style type=\"text\/css\" data-created_by=\"avia_inline_auto\" id=\"style-css-av-12s5y8f-019430c227de2ce7530a3c851ccd3288\">\n.flex_column.av-12s5y8f-019430c227de2ce7530a3c851ccd3288{\nborder-radius:0px 0px 0px 0px;\n-webkit-border-radius:0px 0px 0px 0px;\n-moz-border-radius:0px 0px 0px 0px;\n}\n<\/style>\n<div class='flex_column av-12s5y8f-019430c227de2ce7530a3c851ccd3288 av_three_fifth  avia-builder-el-2  el_after_av_one_fifth  el_before_av_one_fifth  flex_column_div av-zero-column-padding '   ><style type=\"text\/css\" data-created_by=\"avia_inline_auto\" id=\"style-css-av-klm5xk24-7bd5a3630ccc97a842163cc43bdde8e9\">\n#top .av-special-heading.av-klm5xk24-7bd5a3630ccc97a842163cc43bdde8e9{\npadding-bottom:10px;\n}\n.av-special-heading.av-klm5xk24-7bd5a3630ccc97a842163cc43bdde8e9 .av-subheading{\nfont-size:15px;\n}\n<\/style>\n<div  class='av-special-heading av-klm5xk24-7bd5a3630ccc97a842163cc43bdde8e9 av-special-heading-h1 blockquote modern-quote modern-centered  avia-builder-el-3  avia-builder-el-no-sibling  '><h1 class='av-special-heading-tag '  itemprop=\"headline\"  >CERTIFICACIONES<\/h1><div class='av-subheading av-subheading_below '><p style=\"text-align: justify;\">Avid Academic a trav\u00e9s del Instituto Profesional Santo Tom\u00e1s y sus carreras de Comunicaci\u00f3n Audiovisual y Tecnico en Comunicaci\u00f3n Audiovisual, ofrece una serie de certificaciones de su software Avid Media Composer, que validan las habilidades del usuario desde principiantes hasta usuario certificado. La primera de estas certificaciones es Avid Certified User para Media Composer, que proporciona una credencial reconocida en la industria tanto para usuarios acad\u00e9micos como para profesionales de la industria.<\/p>\n<\/div><div class='special-heading-border'><div class='special-heading-inner-border'><\/div><\/div><\/div><\/div>\n<style type=\"text\/css\" data-created_by=\"avia_inline_auto\" id=\"style-css-av-lasmnj-a1c9ea86162e444820a8c29b1820f613\">\n.flex_column.av-lasmnj-a1c9ea86162e444820a8c29b1820f613{\nborder-radius:0px 0px 0px 0px;\n-webkit-border-radius:0px 0px 0px 0px;\n-moz-border-radius:0px 0px 0px 0px;\n}\n<\/style>\n<div class='flex_column av-lasmnj-a1c9ea86162e444820a8c29b1820f613 av_one_fifth  avia-builder-el-4  el_after_av_three_fifth  avia-builder-el-last  flex_column_div av-zero-column-padding '   ><\/div><\/div><\/div><\/main><!-- close content main element --><\/div><\/div><\/div>\n<style type=\"text\/css\" data-created_by=\"avia_inline_auto\" id=\"style-css-av-kj1ov500-32b7ec93922156ca608260338a6343ac\">\n.avia-section.av-kj1ov500-32b7ec93922156ca608260338a6343ac .av-section-color-overlay{\nopacity:0.3;\nbackground-color:#0a0a0a;\nbackground-image:url(https:\/\/areacomunicacionst.cl\/wp-content\/themes\/enfold\/images\/background-images\/linen-for-dark-background.png);\nbackground-repeat:repeat;\n}\n<\/style>\n<div id='av_section_2'  class='avia-section av-kj1ov500-32b7ec93922156ca608260338a6343ac main_color avia-section-default avia-no-border-styling  avia-builder-el-5  el_after_av_section  el_before_av_video  avia-bg-style-scroll av-section-color-overlay-active  container_wrap fullsize'  ><div class='av-section-color-overlay-wrap'><div class=\"av-section-color-overlay\"><\/div><div class='container av-section-cont-open' ><div class='template-page content  av-content-full alpha units'><div class='post-entry post-entry-type-page post-entry-22164'><div class='entry-content-wrapper clearfix'>\n\n<style type=\"text\/css\" data-created_by=\"avia_inline_auto\" id=\"style-css-av-kj1pfov4-88cb31f4634f187845535a2e63846c17\">\n.avia-image-container.av-kj1pfov4-88cb31f4634f187845535a2e63846c17 .av-image-caption-overlay-center{\ncolor:#ffffff;\n}\n<\/style>\n<div  class='avia-image-container av-kj1pfov4-88cb31f4634f187845535a2e63846c17 av-styling- avia-align-center  avia-builder-el-6  el_before_av_hr  avia-builder-el-first  '  itemprop=\"image\" itemscope=\"itemscope\" itemtype=\"https:\/\/schema.org\/ImageObject\" ><div class=\"avia-image-container-inner\"><div class=\"avia-image-overlay-wrap\"><img class='wp-image-22171 avia-img-lazy-loading-not-22171 avia_image' src=\"https:\/\/areacomunicacionst.cl\/wp-content\/uploads\/2020\/12\/Avid-composer-curse--1030x153.png\" alt='' title='Avid composer curse'  height=\"153\" width=\"1030\"  itemprop=\"thumbnailUrl\" srcset=\"https:\/\/areacomunicacionst.cl\/wp-content\/uploads\/2020\/12\/Avid-composer-curse--1030x153.png 1030w, https:\/\/areacomunicacionst.cl\/wp-content\/uploads\/2020\/12\/Avid-composer-curse--300x45.png 300w, https:\/\/areacomunicacionst.cl\/wp-content\/uploads\/2020\/12\/Avid-composer-curse--768x114.png 768w, https:\/\/areacomunicacionst.cl\/wp-content\/uploads\/2020\/12\/Avid-composer-curse--705x105.png 705w, https:\/\/areacomunicacionst.cl\/wp-content\/uploads\/2020\/12\/Avid-composer-curse-.png 1200w\" sizes=\"(max-width: 1030px) 100vw, 1030px\" \/><\/div><\/div><\/div>\n\n<style type=\"text\/css\" data-created_by=\"avia_inline_auto\" id=\"style-css-av-kj1pb2gw-e351b5f405b988d6908565b4cd9ac0f2\">\n#top .hr.hr-invisible.av-kj1pb2gw-e351b5f405b988d6908565b4cd9ac0f2{\nheight:50px;\n}\n<\/style>\n<div  class='hr av-kj1pb2gw-e351b5f405b988d6908565b4cd9ac0f2 hr-invisible  avia-builder-el-7  el_after_av_image  el_before_av_textblock  '><span class='hr-inner '><span class=\"hr-inner-style\"><\/span><\/span><\/div>\n<section class=\"av_textblock_section \"  itemscope=\"itemscope\" itemtype=\"https:\/\/schema.org\/CreativeWork\" ><div class='avia_textblock  '   itemprop=\"text\" ><p style=\"text-align: center;\">Para obtener el t\u00edtulo de Usuario certificado de Avid para Media Composer, el estudiante debe realizar dos cursos b\u00e1sicos, Media Composer Fundamentals I (MC101) y Media Composer Fundamentals II (MC110), antes de presentarse y aprobar el examen de certificaci\u00f3n asociado, como se muestra en el gr\u00e1fico a continuaci\u00f3n.<\/p>\n<p style=\"text-align: center;\">Convertirse en un usuario certificado de Avid para Media Composer verifica que el profesional posee un conocimiento fundamental y la capacidad de utilizar Media Composer, junto con un conocimiento firme de las habilidades, los flujos de trabajo y los conceptos b\u00e1sicos de la edici\u00f3n no lineal en el sistema Avid Media Composer.<\/p>\n<p style=\"text-align: center;\">Si bien Avid no certifica las habilidades creativas del individuo, el conjunto de habilidades t\u00e9cnicas y operativas desarrolladas a trav\u00e9s de este programa de certificaci\u00f3n est\u00e1 dise\u00f1ado para calificar a los estudiantes para ingresar a la fuerza laboral como asistentes de postproducci\u00f3n, editores asistentes o editores de video.<\/p>\n<\/div><\/section>\n\n<style type=\"text\/css\" data-created_by=\"avia_inline_auto\" id=\"style-css-av-kj1pb2gw-e351b5f405b988d6908565b4cd9ac0f2\">\n#top .hr.hr-invisible.av-kj1pb2gw-e351b5f405b988d6908565b4cd9ac0f2{\nheight:50px;\n}\n<\/style>\n<div  class='hr av-kj1pb2gw-e351b5f405b988d6908565b4cd9ac0f2 hr-invisible  avia-builder-el-9  el_after_av_textblock  el_before_av_one_half  '><span class='hr-inner '><span class=\"hr-inner-style\"><\/span><\/span><\/div>\n<div class='flex_column_table av-kj1olksp-37921665caaaafc2d5b4d8518c72c974 sc-av_one_half av-equal-height-column-flextable'>\n<style type=\"text\/css\" data-created_by=\"avia_inline_auto\" id=\"style-css-av-kj1olksp-37921665caaaafc2d5b4d8518c72c974\">\n#top .flex_column_table.av-equal-height-column-flextable.av-kj1olksp-37921665caaaafc2d5b4d8518c72c974{\nmargin-top:0px;\nmargin-bottom:0px;\n}\n.flex_column.av-kj1olksp-37921665caaaafc2d5b4d8518c72c974{\nborder-radius:10px 10px 10px 10px;\n-webkit-border-radius:10px 10px 10px 10px;\n-moz-border-radius:10px 10px 10px 10px;\npadding:20px 20px 20px 20px;\nbackground-color:#1c1c1c;\n}\n<\/style>\n<div class='flex_column av-kj1olksp-37921665caaaafc2d5b4d8518c72c974 av_one_half  avia-builder-el-10  el_after_av_hr  el_before_av_one_half  first flex_column_table_cell av-equal-height-column av-align-middle '   ><section class=\"av_textblock_section \"  itemscope=\"itemscope\" itemtype=\"https:\/\/schema.org\/CreativeWork\" ><div class='avia_textblock  '   itemprop=\"text\" ><h2>CONVERTIRSE EN UN USUARIO CERTIFICADO DE AVID PARA MEDIA COMPOSER LE PERMITE:<\/h2>\n<ul>\n<li>Demuestra tus habilidades de usuario y que tienes una s\u00f3lida comprensi\u00f3n de las habilidades b\u00e1sicas, los flujos de trabajo y los conceptos de la edici\u00f3n no lineal en el sistema Avid Media Composer.<\/li>\n<li>Brinde beneficios medibles a su empleador.<\/li>\n<li>Diferenciate de tus compa\u00f1eros.<\/li>\n<li>Haga que su curr\u00edculum se destaque y aproveche el poder de la marca Avid con los logotipos de usuario certificado de Avid descargables.<\/li>\n<li>Demuestre sus credenciales con un certificado de logros.<\/li>\n<\/ul>\n<\/div><\/section><\/div><div class='av-flex-placeholder'><\/div>\n<style type=\"text\/css\" data-created_by=\"avia_inline_auto\" id=\"style-css-av-kj1olksp-d554e605c0ce0743e37658ed611f31f3\">\n#top .flex_column_table.av-equal-height-column-flextable.av-kj1olksp-d554e605c0ce0743e37658ed611f31f3{\nmargin-top:0px;\nmargin-bottom:0px;\n}\n.flex_column.av-kj1olksp-d554e605c0ce0743e37658ed611f31f3{\nborder-radius:10px 10px 10px 10px;\n-webkit-border-radius:10px 10px 10px 10px;\n-moz-border-radius:10px 10px 10px 10px;\npadding:20px 20px 20px 20px;\nbackground-color:#ffffff;\n}\n<\/style>\n<div class='flex_column av-kj1olksp-d554e605c0ce0743e37658ed611f31f3 av_one_half  avia-builder-el-12  el_after_av_one_half  avia-builder-el-last  flex_column_table_cell av-equal-height-column av-align-middle '   ><section class=\"av_textblock_section \"  itemscope=\"itemscope\" itemtype=\"https:\/\/schema.org\/CreativeWork\" ><div class='avia_textblock  av_inherit_color '  style='color:#494949; '  itemprop=\"text\" ><h2>COMO EMPLEADOR, USE LA CREDENCIAL DE USUARIO CERTIFICADO DE AVID COMO PUNTO DE REFERENCIA PARA QUE PUEDA:<\/h2>\n<ul>\n<li>Encuentra a la persona adecuada para el trabajo.<\/li>\n<li>Eval\u00fae r\u00e1pidamente el nivel de habilidad del candidato.<\/li>\n<li>Invierta y promueva a sus empleados m\u00e1s prometedores.<\/li>\n<li>Mantenga sus sistemas funcionando al m\u00e1ximo rendimiento, con poco o ning\u00fan tiempo de inactividad.<\/li>\n<\/ul>\n<\/div><\/section><\/div><\/div><!--close column table wrapper. Autoclose: 1 -->\n<\/div><\/div><\/div><!-- close content main div --><\/div><\/div><\/div><div id='after_section_2'  class='main_color av_default_container_wrap container_wrap fullsize'  ><div class='container av-section-cont-open' ><div class='template-page content  av-content-full alpha units'><div class='post-entry post-entry-type-page post-entry-22164'><div class='entry-content-wrapper clearfix'><\/p>\n<div  class='avia-video avia-video-16-9   av-lazyload-immediate  av-lazyload-video-embed  '   itemprop=\"video\" itemtype=\"https:\/\/schema.org\/VideoObject\"  data-original_url='https:\/\/youtu.be\/_jrId_nT2Vw' ><script type='text\/html' class='av-video-tmpl'><div class='avia-iframe-wrap'><iframe title=\"avid 2\" width=\"1500\" height=\"844\" src=\"https:\/\/www.youtube.com\/embed\/_jrId_nT2Vw?feature=oembed&autoplay=0&loop=0&controls=1&mute=0\" frameborder=\"0\" allow=\"accelerometer; autoplay; clipboard-write; encrypted-media; gyroscope; picture-in-picture\" allowfullscreen><\/iframe><\/div><\/script><div class='av-click-to-play-overlay'><div class=\"avia_playpause_icon\"><\/div><\/div><\/div>\n<div  class='hr av-8n9dg-3d73c090c3eddfc352ddbd41bab86b21 hr-default  avia-builder-el-15  el_after_av_video  el_before_av_section  avia-builder-el-last  '><span class='hr-inner '><span class=\"hr-inner-style\"><\/span><\/span><\/div>\n<\/div><\/div><\/div><!-- close content main div --><\/div><\/div>\n<style type=\"text\/css\" data-created_by=\"avia_inline_auto\" id=\"style-css-av-k6q7pss5-30aa9448eaed055b7b1e880662f23a86\">\n.avia-section.av-k6q7pss5-30aa9448eaed055b7b1e880662f23a86 .av-parallax .av-parallax-inner{\nbackground-repeat:no-repeat;\nbackground-image:url(https:\/\/areacomunicacionst.cl\/wp-content\/uploads\/2020\/02\/back-future.png);\nbackground-position:50% 50%;\nbackground-attachment:scroll;\n}\n.avia-section.av-k6q7pss5-30aa9448eaed055b7b1e880662f23a86 .av-section-color-overlay{\nopacity:0.2;\nbackground-color:#000000;\n}\n<\/style>\n<div id='av_section_3'  class='avia-section av-k6q7pss5-30aa9448eaed055b7b1e880662f23a86 main_color avia-section-default avia-no-border-styling  avia-builder-el-16  el_after_av_hr  avia-builder-el-last  avia-full-stretch av-parallax-section avia-bg-style-parallax av-section-color-overlay-active  container_wrap fullsize'  data-section-bg-repeat='stretch'><div class='av-parallax' data-avia-parallax-ratio='0.3' ><div class='av-parallax-inner main_color avia-full-stretch'><\/div><\/div><div class='av-section-color-overlay-wrap'><div class=\"av-section-color-overlay\"><\/div><div class='container av-section-cont-open' ><div class='template-page content  av-content-full alpha units'><div class='post-entry post-entry-type-page post-entry-22164'><div class='entry-content-wrapper clearfix'>\n\n<style type=\"text\/css\" data-created_by=\"avia_inline_auto\" id=\"style-css-av-2q1qxkq-66fadf54ec1fcdff9f9619f608896467\">\n.flex_column.av-2q1qxkq-66fadf54ec1fcdff9f9619f608896467{\nborder-radius:0px 0px 0px 0px;\n-webkit-border-radius:0px 0px 0px 0px;\n-moz-border-radius:0px 0px 0px 0px;\n}\n<\/style>\n<div class='flex_column av-2q1qxkq-66fadf54ec1fcdff9f9619f608896467 av_one_half  avia-builder-el-17  el_before_av_one_half  avia-builder-el-first  first flex_column_div av-zero-column-padding '   ><section class=\"av_textblock_section \"  itemscope=\"itemscope\" itemtype=\"https:\/\/schema.org\/CreativeWork\" ><div class='avia_textblock  '   itemprop=\"text\" ><h1 style=\"text-align: center;\"><span style=\"color: #ffffff;\">CAMPUS<\/span><\/h1>\n<\/div><\/section><\/div>\n<style type=\"text\/css\" data-created_by=\"avia_inline_auto\" id=\"style-css-av-22ehcu2-6ef732f58d16a1be44e86521a808a253\">\n.flex_column.av-22ehcu2-6ef732f58d16a1be44e86521a808a253{\nborder-radius:0px 0px 0px 0px;\n-webkit-border-radius:0px 0px 0px 0px;\n-moz-border-radius:0px 0px 0px 0px;\n}\n<\/style>\n<div class='flex_column av-22ehcu2-6ef732f58d16a1be44e86521a808a253 av_one_half  avia-builder-el-19  el_after_av_one_half  el_before_av_one_half  flex_column_div av-zero-column-padding '   ><section class=\"av_textblock_section \"  itemscope=\"itemscope\" itemtype=\"https:\/\/schema.org\/CreativeWork\" ><div class='avia_textblock  '   itemprop=\"text\" ><h3 style=\"text-align: center;\"><span style=\"color: #0076a9;\">CAMPUS SAN JOAQU\u00cdN<\/span><\/h3>\n<p style=\"text-align: center;\">Av. Vicu\u00f1a Mackenna 4835<\/p>\n<\/div><\/section><\/div>\n<style type=\"text\/css\" data-created_by=\"avia_inline_auto\" id=\"style-css-av-22ehcu2-2c445c53c60a80d5d1fc1cd4abc812f3\">\n.flex_column.av-22ehcu2-2c445c53c60a80d5d1fc1cd4abc812f3{\nborder-radius:0px 0px 0px 0px;\n-webkit-border-radius:0px 0px 0px 0px;\n-moz-border-radius:0px 0px 0px 0px;\n}\n<\/style>\n<div class='flex_column av-22ehcu2-2c445c53c60a80d5d1fc1cd4abc812f3 av_one_half  avia-builder-el-21  el_after_av_one_half  el_before_av_one_half  first flex_column_div av-zero-column-padding column-top-margin'   ><section class=\"av_textblock_section \"  itemscope=\"itemscope\" itemtype=\"https:\/\/schema.org\/CreativeWork\" ><div class='avia_textblock  '   itemprop=\"text\" ><h3 style=\"text-align: center;\"><span style=\"color: #0076a9;\">CAMPUS TALCA<\/span><\/h3>\n<p style=\"text-align: center;\">Carlos Schorr 255<\/p>\n<\/div><\/section><\/div>\n<style type=\"text\/css\" data-created_by=\"avia_inline_auto\" id=\"style-css-av-22ehcu2-6ef732f58d16a1be44e86521a808a253\">\n.flex_column.av-22ehcu2-6ef732f58d16a1be44e86521a808a253{\nborder-radius:0px 0px 0px 0px;\n-webkit-border-radius:0px 0px 0px 0px;\n-moz-border-radius:0px 0px 0px 0px;\n}\n<\/style>\n<div class='flex_column av-22ehcu2-6ef732f58d16a1be44e86521a808a253 av_one_half  avia-builder-el-23  el_after_av_one_half  avia-builder-el-last  flex_column_div av-zero-column-padding column-top-margin'   ><section class=\"av_textblock_section \"  itemscope=\"itemscope\" itemtype=\"https:\/\/schema.org\/CreativeWork\" ><div class='avia_textblock  '   itemprop=\"text\" ><h3 style=\"text-align: center;\"><span style=\"color: #0076a9;\">CAMPUS CONCEPCI\u00d3N<\/span><\/h3>\n<p style=\"text-align: center;\">Arturo Prat 886<\/p>\n<\/div><\/section><\/div>\n\n","protected":false},"excerpt":{"rendered":"","protected":false},"author":6,"featured_media":0,"parent":0,"menu_order":0,"comment_status":"closed","ping_status":"closed","template":"","meta":[],"_links":{"self":[{"href":"https:\/\/areacomunicacionst.cl\/index.php\/wp-json\/wp\/v2\/pages\/22164"}],"collection":[{"href":"https:\/\/areacomunicacionst.cl\/index.php\/wp-json\/wp\/v2\/pages"}],"about":[{"href":"https:\/\/areacomunicacionst.cl\/index.php\/wp-json\/wp\/v2\/types\/page"}],"author":[{"embeddable":true,"href":"https:\/\/areacomunicacionst.cl\/index.php\/wp-json\/wp\/v2\/users\/6"}],"replies":[{"embeddable":true,"href":"https:\/\/areacomunicacionst.cl\/index.php\/wp-json\/wp\/v2\/comments?post=22164"}],"version-history":[{"count":10,"href":"https:\/\/areacomunicacionst.cl\/index.php\/wp-json\/wp\/v2\/pages\/22164\/revisions"}],"predecessor-version":[{"id":23146,"href":"https:\/\/areacomunicacionst.cl\/index.php\/wp-json\/wp\/v2\/pages\/22164\/revisions\/23146"}],"wp:attachment":[{"href":"https:\/\/areacomunicacionst.cl\/index.php\/wp-json\/wp\/v2\/media?parent=22164"}],"curies":[{"name":"wp","href":"https:\/\/api.w.org\/{rel}","templated":true}]}}