{"id":22144,"date":"2020-12-23T12:39:36","date_gmt":"2020-12-23T15:39:36","guid":{"rendered":"https:\/\/areacomunicacionst.com\/?page_id=22144"},"modified":"2021-11-09T12:07:17","modified_gmt":"2021-11-09T15:07:17","slug":"certificaciones-animacion-digital","status":"publish","type":"page","link":"https:\/\/areacomunicacionst.cl\/index.php\/certificaciones-animacion-digital\/","title":{"rendered":"Certificaciones Animaci\u00f3n Digital"},"content":{"rendered":"\n<style type=\"text\/css\" data-created_by=\"avia_inline_auto\" id=\"style-css-av-k6vwafsn-97c7ee2cba3a6e04c72cd6a261b92ba8\">\n.avia-section.av-k6vwafsn-97c7ee2cba3a6e04c72cd6a261b92ba8{\nbackground-repeat:no-repeat;\nbackground-image:url(https:\/\/areacomunicacionst.cl\/wp-content\/uploads\/2020\/12\/plan-estudio-animacion.png);\nbackground-position:50% 50%;\nbackground-attachment:scroll;\n}\n.avia-section.av-k6vwafsn-97c7ee2cba3a6e04c72cd6a261b92ba8 .av-section-color-overlay{\nopacity:0.3;\nbackground-color:#0a0a0a;\n}\n<\/style>\n<div id='av_section_1'  class='avia-section av-k6vwafsn-97c7ee2cba3a6e04c72cd6a261b92ba8 main_color avia-section-default avia-no-border-styling  avia-builder-el-0  el_before_av_layout_row  avia-builder-el-first  avia-full-stretch avia-bg-style-scroll av-section-color-overlay-active  av-minimum-height av-minimum-height-custom  container_wrap fullsize'  data-section-bg-repeat='stretch'><div class='av-section-color-overlay-wrap'><div class=\"av-section-color-overlay\"><\/div><div class='container av-section-cont-open' style='height:400px'><main  role=\"main\" itemprop=\"mainContentOfPage\"  class='template-page content  av-content-full alpha units'><div class='post-entry post-entry-type-page post-entry-22144'><div class='entry-content-wrapper clearfix'>\n\n<style type=\"text\/css\" data-created_by=\"avia_inline_auto\" id=\"style-css-av-12s5y8f-0bb95f302857ff5455eea1793bd2d6cc\">\n.flex_column.av-12s5y8f-0bb95f302857ff5455eea1793bd2d6cc{\nborder-radius:0px 0px 0px 0px;\n-webkit-border-radius:0px 0px 0px 0px;\n-moz-border-radius:0px 0px 0px 0px;\n}\n<\/style>\n<div class='flex_column av-12s5y8f-0bb95f302857ff5455eea1793bd2d6cc av_one_fifth  avia-builder-el-1  el_before_av_three_fifth  avia-builder-el-first  first flex_column_div av-zero-column-padding '   ><\/div>\n<style type=\"text\/css\" data-created_by=\"avia_inline_auto\" id=\"style-css-av-12s5y8f-019430c227de2ce7530a3c851ccd3288\">\n.flex_column.av-12s5y8f-019430c227de2ce7530a3c851ccd3288{\nborder-radius:0px 0px 0px 0px;\n-webkit-border-radius:0px 0px 0px 0px;\n-moz-border-radius:0px 0px 0px 0px;\n}\n<\/style>\n<div class='flex_column av-12s5y8f-019430c227de2ce7530a3c851ccd3288 av_three_fifth  avia-builder-el-2  el_after_av_one_fifth  el_before_av_one_fifth  flex_column_div av-zero-column-padding '   ><style type=\"text\/css\" data-created_by=\"avia_inline_auto\" id=\"style-css-av-kj1p59v4-c0f561c71b6a30a3e055c43f08fda7cb\">\n#top .av-special-heading.av-kj1p59v4-c0f561c71b6a30a3e055c43f08fda7cb{\npadding-bottom:10px;\n}\n.av-special-heading.av-kj1p59v4-c0f561c71b6a30a3e055c43f08fda7cb .av-subheading{\nfont-size:15px;\n}\n<\/style>\n<div  class='av-special-heading av-kj1p59v4-c0f561c71b6a30a3e055c43f08fda7cb av-special-heading-h1 blockquote modern-quote modern-centered  avia-builder-el-3  avia-builder-el-no-sibling  '><h1 class='av-special-heading-tag '  itemprop=\"headline\"  >CERTIFICACIONES<\/h1><div class='av-subheading av-subheading_below '><p style=\"text-align: justify;\">La carrera de Animaci\u00f3n del Instituto Profesional Santo Tomas como COE, centro de excelencia, posee la certificaci\u00f3n del software de animaci\u00f3n Toon Boom, l\u00edder en la industria.<\/p>\n<p style=\"text-align: justify;\">La certificaci\u00f3n internacional permite a los alumnos usar o incluir en sus portafolios la menci\u00f3n de Usuarios Certificados en el uso de Toon Boom.<\/p>\n<\/div><div class='special-heading-border'><div class='special-heading-inner-border'><\/div><\/div><\/div><\/div>\n<style type=\"text\/css\" data-created_by=\"avia_inline_auto\" id=\"style-css-av-lasmnj-a1c9ea86162e444820a8c29b1820f613\">\n.flex_column.av-lasmnj-a1c9ea86162e444820a8c29b1820f613{\nborder-radius:0px 0px 0px 0px;\n-webkit-border-radius:0px 0px 0px 0px;\n-moz-border-radius:0px 0px 0px 0px;\n}\n<\/style>\n<div class='flex_column av-lasmnj-a1c9ea86162e444820a8c29b1820f613 av_one_fifth  avia-builder-el-4  el_after_av_three_fifth  avia-builder-el-last  flex_column_div av-zero-column-padding '   ><\/div>\n\n<\/div><\/div><\/main><!-- close content main element --><\/div><\/div><\/div><div id='av-layout-grid-1'  class='av-layout-grid-container entry-content-wrapper main_color av-flex-cells     avia-builder-el-5  el_after_av_section  el_before_av_section  submenu-not-first container_wrap fullsize'  >\n<div class=\"flex_cell no_margin av_one_half  avia-builder-el-6  el_before_av_cell_one_half  avia-builder-el-first   \"  style='height:500px; min-height:500px;background:url(https:\/\/areacomunicacionst.cl\/wp-content\/uploads\/2021\/02\/toon-boom-3.png) center left no-repeat scroll; vertical-align:middle; padding:30px; ' ><div class='flex_cell_inner' >\n<style type=\"text\/css\" data-created_by=\"avia_inline_auto\" id=\"style-css-av-kllyzrvl-1bcd97b8f170952e763562dedc9b1795\">\n.avia-image-container.av-kllyzrvl-1bcd97b8f170952e763562dedc9b1795 .av-image-caption-overlay-center{\ncolor:#ffffff;\n}\n<\/style>\n<div  class='avia-image-container av-kllyzrvl-1bcd97b8f170952e763562dedc9b1795 av-styling- avia-align-center  avia-builder-el-7  avia-builder-el-no-sibling  '  itemprop=\"image\" itemscope=\"itemscope\" itemtype=\"https:\/\/schema.org\/ImageObject\" ><div class=\"avia-image-container-inner\"><div class=\"avia-image-overlay-wrap\"><img class='wp-image-22884 avia-img-lazy-loading-not-22884 avia_image' src=\"https:\/\/areacomunicacionst.cl\/wp-content\/uploads\/2021\/02\/centro-de-excelencia-2.png\" alt='' title='centro de excelencia'  height=\"500\" width=\"946\"  itemprop=\"thumbnailUrl\" srcset=\"https:\/\/areacomunicacionst.cl\/wp-content\/uploads\/2021\/02\/centro-de-excelencia-2.png 946w, https:\/\/areacomunicacionst.cl\/wp-content\/uploads\/2021\/02\/centro-de-excelencia-2-300x159.png 300w, https:\/\/areacomunicacionst.cl\/wp-content\/uploads\/2021\/02\/centro-de-excelencia-2-768x406.png 768w, https:\/\/areacomunicacionst.cl\/wp-content\/uploads\/2021\/02\/centro-de-excelencia-2-710x375.png 710w, https:\/\/areacomunicacionst.cl\/wp-content\/uploads\/2021\/02\/centro-de-excelencia-2-705x373.png 705w\" sizes=\"(max-width: 946px) 100vw, 946px\" \/><\/div><\/div><\/div>\n<\/div><\/div><div class=\"flex_cell no_margin av_one_half  avia-builder-el-8  el_after_av_cell_one_half  avia-builder-el-last   \"  style='height:500px; min-height:500px;background:url(https:\/\/areacomunicacionst.cl\/wp-content\/uploads\/2021\/02\/toon-boom-2.png) center right no-repeat scroll; vertical-align:top; padding:30px; ' ><div class='flex_cell_inner' ><p><section class=\"av_textblock_section \"  itemscope=\"itemscope\" itemtype=\"https:\/\/schema.org\/CreativeWork\" ><div class='avia_textblock  av_inherit_color '  style='color:#ffffff; '  itemprop=\"text\" ><p><img loading=\"lazy\" class=\"alignnone size-full wp-image-23159\" src=\"https:\/\/areacomunicacionst.com\/wp-content\/uploads\/2021\/10\/Sin-titulo-1.png\" alt=\"\" width=\"3\" height=\"100\" \/><\/p>\n<\/div><\/section><br \/>\n<section class=\"av_textblock_section \"  itemscope=\"itemscope\" itemtype=\"https:\/\/schema.org\/CreativeWork\" ><div class='avia_textblock  av_inherit_color '  style='color:#ffffff; '  itemprop=\"text\" ><h1>SANTO TOM\u00c1S<\/h1>\n<h4>CENTRO DE EXCELENCIA TOON BOOM<\/h4>\n<\/div><\/section><br \/>\n<section class=\"av_textblock_section \"  itemscope=\"itemscope\" itemtype=\"https:\/\/schema.org\/CreativeWork\" ><div class='avia_textblock  av_inherit_color '  style='color:#ffffff; '  itemprop=\"text\" ><p dir=\"auto\">A trav\u00e9s de este reconocimiento, Toon Boom Animation certifica que nuestra carrera cumple con los m\u00e1s altos est\u00e1ndares de animaci\u00f3n a nivel mundial.<\/p>\n<p dir=\"auto\">Todos nuestros estudiantes cuentan con una suscripci\u00f3n gratis de los software Toon Boom Harmony y Storyboard Pro durante todo el transcurso de la carrera, adem\u00e1s pueden obtener la Certificaci\u00f3n internacional en uso del software Toon Boom.<\/p>\n<div dir=\"auto\"><\/div>\n<\/div><\/section><\/p>\n<\/div><\/div><\/div>\n<style type=\"text\/css\" data-created_by=\"avia_inline_auto\" id=\"style-css-av-kj1ov500-32b7ec93922156ca608260338a6343ac\">\n.avia-section.av-kj1ov500-32b7ec93922156ca608260338a6343ac .av-section-color-overlay{\nopacity:0.3;\nbackground-color:#0a0a0a;\nbackground-image:url(https:\/\/areacomunicacionst.cl\/wp-content\/themes\/enfold\/images\/background-images\/linen-for-dark-background.png);\nbackground-repeat:repeat;\n}\n<\/style>\n<div id='av_section_2'  class='avia-section av-kj1ov500-32b7ec93922156ca608260338a6343ac main_color avia-section-default avia-no-border-styling  avia-builder-el-12  el_after_av_layout_row  el_before_av_section  avia-bg-style-scroll av-section-color-overlay-active  container_wrap fullsize'  ><div class='av-section-color-overlay-wrap'><div class=\"av-section-color-overlay\"><\/div><div class='container av-section-cont-open' ><div class='template-page content  av-content-full alpha units'><div class='post-entry post-entry-type-page post-entry-22144'><div class='entry-content-wrapper clearfix'>\n<div class='flex_column_table av-kj1olksp-37921665caaaafc2d5b4d8518c72c974 sc-av_one_half av-equal-height-column-flextable'>\n<style type=\"text\/css\" data-created_by=\"avia_inline_auto\" id=\"style-css-av-kj1olksp-37921665caaaafc2d5b4d8518c72c974\">\n#top .flex_column_table.av-equal-height-column-flextable.av-kj1olksp-37921665caaaafc2d5b4d8518c72c974{\nmargin-top:0px;\nmargin-bottom:0px;\n}\n.flex_column.av-kj1olksp-37921665caaaafc2d5b4d8518c72c974{\nborder-radius:10px 10px 10px 10px;\n-webkit-border-radius:10px 10px 10px 10px;\n-moz-border-radius:10px 10px 10px 10px;\npadding:20px 20px 20px 20px;\nbackground-color:#1c1c1c;\n}\n<\/style>\n<div class='flex_column av-kj1olksp-37921665caaaafc2d5b4d8518c72c974 av_one_half  avia-builder-el-13  el_before_av_one_half  avia-builder-el-first  first flex_column_table_cell av-equal-height-column av-align-middle '   ><section class=\"av_textblock_section \"  itemscope=\"itemscope\" itemtype=\"https:\/\/schema.org\/CreativeWork\" ><div class='avia_textblock  '   itemprop=\"text\" ><h2>BENEFICIOS:<\/h2>\n<ul>\n<li>Demuestras tu competencia fundamental en el uso del software l\u00edder en animaci\u00f3n.<\/li>\n<li>Brinde beneficios medibles a su empleador.<\/li>\n<li>Difer\u00e9nciate de tus compa\u00f1eros.<\/li>\n<li>Haga que su curr\u00edculum se destaque y aproveche el poder de la marca Toon Boom.<\/li>\n<li>Puedes capacitarte constantemente hasta convertirte en instructor certificado.<\/li>\n<\/ul>\n<\/div><\/section><\/div><div class='av-flex-placeholder'><\/div>\n<style type=\"text\/css\" data-created_by=\"avia_inline_auto\" id=\"style-css-av-kj1olksp-d554e605c0ce0743e37658ed611f31f3\">\n#top .flex_column_table.av-equal-height-column-flextable.av-kj1olksp-d554e605c0ce0743e37658ed611f31f3{\nmargin-top:0px;\nmargin-bottom:0px;\n}\n.flex_column.av-kj1olksp-d554e605c0ce0743e37658ed611f31f3{\nborder-radius:10px 10px 10px 10px;\n-webkit-border-radius:10px 10px 10px 10px;\n-moz-border-radius:10px 10px 10px 10px;\npadding:20px 20px 20px 20px;\nbackground-color:#ffffff;\n}\n<\/style>\n<div class='flex_column av-kj1olksp-d554e605c0ce0743e37658ed611f31f3 av_one_half  avia-builder-el-15  el_after_av_one_half  avia-builder-el-last  flex_column_table_cell av-equal-height-column av-align-middle '   ><section class=\"av_textblock_section \"  itemscope=\"itemscope\" itemtype=\"https:\/\/schema.org\/CreativeWork\" ><div class='avia_textblock  av_inherit_color '  style='color:#494949; '  itemprop=\"text\" ><h2>COMO EMPLEADOR:<\/h2>\n<ul>\n<li>Encuentra a la persona adecuada para el trabajo.<\/li>\n<li>Eval\u00fae r\u00e1pidamente el nivel de habilidad del candidato.<\/li>\n<li>Invierta y promueva a sus empleados m\u00e1s prometedores.<\/li>\n<li>Tiene a una persona id\u00f3nea y actualizada en el uso del software.<\/li>\n<\/ul>\n<\/div><\/section><\/div><\/div><!--close column table wrapper. Autoclose: 1 -->\n<\/p>\n<\/div><\/div><\/div><!-- close content main div --><\/div><\/div><\/div>\n<style type=\"text\/css\" data-created_by=\"avia_inline_auto\" id=\"style-css-av-k6q7pss5-30aa9448eaed055b7b1e880662f23a86\">\n.avia-section.av-k6q7pss5-30aa9448eaed055b7b1e880662f23a86 .av-parallax .av-parallax-inner{\nbackground-repeat:no-repeat;\nbackground-image:url(https:\/\/areacomunicacionst.cl\/wp-content\/uploads\/2020\/02\/back-future.png);\nbackground-position:50% 50%;\nbackground-attachment:scroll;\n}\n.avia-section.av-k6q7pss5-30aa9448eaed055b7b1e880662f23a86 .av-section-color-overlay{\nopacity:0.2;\nbackground-color:#000000;\n}\n<\/style>\n<div id='av_section_3'  class='avia-section av-k6q7pss5-30aa9448eaed055b7b1e880662f23a86 main_color avia-section-default avia-no-border-styling  avia-builder-el-17  el_after_av_section  avia-builder-el-last  avia-full-stretch av-parallax-section avia-bg-style-parallax av-section-color-overlay-active  container_wrap fullsize'  data-section-bg-repeat='stretch'><div class='av-parallax' data-avia-parallax-ratio='0.3' ><div class='av-parallax-inner main_color avia-full-stretch'><\/div><\/div><div class='av-section-color-overlay-wrap'><div class=\"av-section-color-overlay\"><\/div><div class='container av-section-cont-open' ><div class='template-page content  av-content-full alpha units'><div class='post-entry post-entry-type-page post-entry-22144'><div class='entry-content-wrapper clearfix'>\n\n<style type=\"text\/css\" data-created_by=\"avia_inline_auto\" id=\"style-css-av-2q1qxkq-66fadf54ec1fcdff9f9619f608896467\">\n.flex_column.av-2q1qxkq-66fadf54ec1fcdff9f9619f608896467{\nborder-radius:0px 0px 0px 0px;\n-webkit-border-radius:0px 0px 0px 0px;\n-moz-border-radius:0px 0px 0px 0px;\n}\n<\/style>\n<div class='flex_column av-2q1qxkq-66fadf54ec1fcdff9f9619f608896467 av_one_half  avia-builder-el-18  el_before_av_one_half  avia-builder-el-first  first flex_column_div av-zero-column-padding '   ><section class=\"av_textblock_section \"  itemscope=\"itemscope\" itemtype=\"https:\/\/schema.org\/CreativeWork\" ><div class='avia_textblock  '   itemprop=\"text\" ><h1 style=\"text-align: center;\"><span style=\"color: #ffffff;\">CAMPUS<\/span><\/h1>\n<\/div><\/section><\/div>\n<style type=\"text\/css\" data-created_by=\"avia_inline_auto\" id=\"style-css-av-22ehcu2-6ef732f58d16a1be44e86521a808a253\">\n.flex_column.av-22ehcu2-6ef732f58d16a1be44e86521a808a253{\nborder-radius:0px 0px 0px 0px;\n-webkit-border-radius:0px 0px 0px 0px;\n-moz-border-radius:0px 0px 0px 0px;\n}\n<\/style>\n<div class='flex_column av-22ehcu2-6ef732f58d16a1be44e86521a808a253 av_one_half  avia-builder-el-20  el_after_av_one_half  avia-builder-el-last  flex_column_div av-zero-column-padding '   ><section class=\"av_textblock_section \"  itemscope=\"itemscope\" itemtype=\"https:\/\/schema.org\/CreativeWork\" ><div class='avia_textblock  '   itemprop=\"text\" ><h3 style=\"text-align: center;\"><span style=\"color: #0076a9;\">CAMPUS SAN JOAQU\u00cdN<\/span><\/h3>\n<p style=\"text-align: center;\">Av. Vicu\u00f1a Mackenna 4835<\/p>\n<\/div><\/section><\/div>\n\n","protected":false},"excerpt":{"rendered":"","protected":false},"author":6,"featured_media":21237,"parent":0,"menu_order":0,"comment_status":"closed","ping_status":"closed","template":"","meta":[],"_links":{"self":[{"href":"https:\/\/areacomunicacionst.cl\/index.php\/wp-json\/wp\/v2\/pages\/22144"}],"collection":[{"href":"https:\/\/areacomunicacionst.cl\/index.php\/wp-json\/wp\/v2\/pages"}],"about":[{"href":"https:\/\/areacomunicacionst.cl\/index.php\/wp-json\/wp\/v2\/types\/page"}],"author":[{"embeddable":true,"href":"https:\/\/areacomunicacionst.cl\/index.php\/wp-json\/wp\/v2\/users\/6"}],"replies":[{"embeddable":true,"href":"https:\/\/areacomunicacionst.cl\/index.php\/wp-json\/wp\/v2\/comments?post=22144"}],"version-history":[{"count":28,"href":"https:\/\/areacomunicacionst.cl\/index.php\/wp-json\/wp\/v2\/pages\/22144\/revisions"}],"predecessor-version":[{"id":24226,"href":"https:\/\/areacomunicacionst.cl\/index.php\/wp-json\/wp\/v2\/pages\/22144\/revisions\/24226"}],"wp:featuredmedia":[{"embeddable":true,"href":"https:\/\/areacomunicacionst.cl\/index.php\/wp-json\/wp\/v2\/media\/21237"}],"wp:attachment":[{"href":"https:\/\/areacomunicacionst.cl\/index.php\/wp-json\/wp\/v2\/media?parent=22144"}],"curies":[{"name":"wp","href":"https:\/\/api.w.org\/{rel}","templated":true}]}}